{"id":10,"date":"2023-01-30T17:57:52","date_gmt":"2023-01-30T17:57:52","guid":{"rendered":"http:\/\/ecoleia.com\/?page_id=10"},"modified":"2023-01-30T17:57:52","modified_gmt":"2023-01-30T17:57:52","slug":"a-nosa-granxa","status":"publish","type":"page","link":"https:\/\/ecoleia.com\/?page_id=10","title":{"rendered":"A nosa granxa"},"content":{"rendered":"\n<figure class=\"wp-block-image size-full\"><img decoding=\"async\" loading=\"lazy\" width=\"720\" height=\"320\" src=\"http:\/\/ecoleia.com\/wp-content\/uploads\/2023\/01\/A-Granxa.png\" alt=\"\" class=\"wp-image-11\" srcset=\"https:\/\/ecoleia.com\/wp-content\/uploads\/2023\/01\/A-Granxa.png 720w, https:\/\/ecoleia.com\/wp-content\/uploads\/2023\/01\/A-Granxa-300x133.png 300w\" sizes=\"(max-width: 720px) 100vw, 720px\" \/><\/figure>\n\n\n\n<p>Este leite \u00e9, \u00e9 natural, \u00e9 o resultado da convivencia, do respecto e da boa relaci\u00f3n que queiramos establecer entre a natureza, as vacas e n\u00f3s mesmos.<\/p>\n\n\n\n<p>O leite \u00e9 enteiro, por suposto, sen\u00f3n xa o estar\u00edamos alterando; pero hau outras formas, sempre naturais, de tomalo, como por exemplo con menos graxa; para isto s\u00f3 temos que fervelo, logo deixalo enfriar e sacarlle esa nata, a cal poderemos usar despois para afacer biscoitos, galletas, salsas, batidos, xeados&#8230;<\/p>\n\n\n\n<p>\u00c2\u00bfQu\u00e9 diferencia o noso leite do leite &#8220;normal&#8221;?&nbsp;<a href=\"https:\/\/web.archive.org\/web\/20161015232810\/http:\/\/ecoleia.com\/eco.html\">Ler<\/a><\/p>\n","protected":false},"excerpt":{"rendered":"<p>Este leite \u00e9, \u00e9 natural, \u00e9 o resultado da convivencia, do respecto e da boa relaci\u00f3n que queiramos establecer entre a natureza, as vacas e n\u00f3s mesmos. O leite \u00e9 enteiro, por suposto, sen\u00f3n xa o estar\u00edamos alterando; pero hau outras formas, sempre naturais, de tomalo, como por exemplo con menos graxa; para isto s\u00f3&#8230;<\/p>\n","protected":false},"author":1,"featured_media":0,"parent":0,"menu_order":0,"comment_status":"closed","ping_status":"closed","template":"","meta":{"_kad_post_transparent":"","_kad_post_title":"","_kad_post_layout":"","_kad_post_sidebar_id":"","_kad_post_content_style":"","_kad_post_vertical_padding":"","_kad_post_feature":"","_kad_post_feature_position":"","_kad_post_header":false,"_kad_post_footer":false},"_links":{"self":[{"href":"https:\/\/ecoleia.com\/index.php?rest_route=\/wp\/v2\/pages\/10"}],"collection":[{"href":"https:\/\/ecoleia.com\/index.php?rest_route=\/wp\/v2\/pages"}],"about":[{"href":"https:\/\/ecoleia.com\/index.php?rest_route=\/wp\/v2\/types\/page"}],"author":[{"embeddable":true,"href":"https:\/\/ecoleia.com\/index.php?rest_route=\/wp\/v2\/users\/1"}],"replies":[{"embeddable":true,"href":"https:\/\/ecoleia.com\/index.php?rest_route=%2Fwp%2Fv2%2Fcomments&post=10"}],"version-history":[{"count":1,"href":"https:\/\/ecoleia.com\/index.php?rest_route=\/wp\/v2\/pages\/10\/revisions"}],"predecessor-version":[{"id":12,"href":"https:\/\/ecoleia.com\/index.php?rest_route=\/wp\/v2\/pages\/10\/revisions\/12"}],"wp:attachment":[{"href":"https:\/\/ecoleia.com\/index.php?rest_route=%2Fwp%2Fv2%2Fmedia&parent=10"}],"curies":[{"name":"wp","href":"https:\/\/api.w.org\/{rel}","templated":true}]}}