{"id":13,"date":"2023-01-30T17:58:10","date_gmt":"2023-01-30T17:58:10","guid":{"rendered":"http:\/\/ecoleia.com\/?page_id=13"},"modified":"2023-01-30T17:58:10","modified_gmt":"2023-01-30T17:58:10","slug":"leite-ecoloxico","status":"publish","type":"page","link":"https:\/\/ecoleia.com\/?page_id=13","title":{"rendered":"Leite ecol\u00f3xico"},"content":{"rendered":"\n<p>A diferencia co leite &#8220;normal&#8221; \u00e9, en resumidas, que en ningunha das fases do proceso productivo da leite utilizanse axentes qu\u00edmicos, nin nas leiras nas que pastan as nosas vacas, nin na mezcla de cereais que comen que est\u00e1 elaborado tam\u00e9n de forma ecol\u00f3xica nin a auga que beben.<\/p>\n\n\n\n<p>O leite de Ecoleia mant\u00e9n t\u00f3dalas propiedades porque s\u00f3 \u00e9 pasteurizado de forma suave, \u00e9 dicir, partimos de que o leite est\u00e1 a 4 graos (no tanque de fr\u00edo) el\u00e9vase ata 75 graos e volve baixarse a 4 (todo este proceso faise moi r\u00e1pido), esto fai que o leite non perda ningunha propiedade. O que podemos comprar nos supermercados est\u00e1 uperizado que \u00e9 outro sistema distinto o da pasteurizaci\u00f3 que eleva a temperatura moito m\u00c1s facendo que o leite perda parte das suas propiedades.<\/p>\n\n\n\n<p>Nada de conservantes nin colorantes, t\u00f3dalas propiedades, case case da vaca o vaso;&nbsp;<strong>leite de verdade<\/strong>.<\/p>\n","protected":false},"excerpt":{"rendered":"<p>A diferencia co leite &#8220;normal&#8221; \u00e9, en resumidas, que en ningunha das fases do proceso productivo da leite utilizanse axentes qu\u00edmicos, nin nas leiras nas que pastan as nosas vacas, nin na mezcla de cereais que comen que est\u00e1 elaborado tam\u00e9n de forma ecol\u00f3xica nin a auga que beben. O leite de Ecoleia mant\u00e9n t\u00f3dalas&#8230;<\/p>\n","protected":false},"author":1,"featured_media":0,"parent":0,"menu_order":0,"comment_status":"closed","ping_status":"closed","template":"","meta":{"_kad_post_transparent":"","_kad_post_title":"","_kad_post_layout":"","_kad_post_sidebar_id":"","_kad_post_content_style":"","_kad_post_vertical_padding":"","_kad_post_feature":"","_kad_post_feature_position":"","_kad_post_header":false,"_kad_post_footer":false},"_links":{"self":[{"href":"https:\/\/ecoleia.com\/index.php?rest_route=\/wp\/v2\/pages\/13"}],"collection":[{"href":"https:\/\/ecoleia.com\/index.php?rest_route=\/wp\/v2\/pages"}],"about":[{"href":"https:\/\/ecoleia.com\/index.php?rest_route=\/wp\/v2\/types\/page"}],"author":[{"embeddable":true,"href":"https:\/\/ecoleia.com\/index.php?rest_route=\/wp\/v2\/users\/1"}],"replies":[{"embeddable":true,"href":"https:\/\/ecoleia.com\/index.php?rest_route=%2Fwp%2Fv2%2Fcomments&post=13"}],"version-history":[{"count":1,"href":"https:\/\/ecoleia.com\/index.php?rest_route=\/wp\/v2\/pages\/13\/revisions"}],"predecessor-version":[{"id":14,"href":"https:\/\/ecoleia.com\/index.php?rest_route=\/wp\/v2\/pages\/13\/revisions\/14"}],"wp:attachment":[{"href":"https:\/\/ecoleia.com\/index.php?rest_route=%2Fwp%2Fv2%2Fmedia&parent=13"}],"curies":[{"name":"wp","href":"https:\/\/api.w.org\/{rel}","templated":true}]}}