{"id":18,"date":"2023-01-30T18:05:59","date_gmt":"2023-01-30T18:05:59","guid":{"rendered":"http:\/\/ecoleia.com\/?page_id=18"},"modified":"2023-01-30T18:05:59","modified_gmt":"2023-01-30T18:05:59","slug":"quen-somos","status":"publish","type":"page","link":"https:\/\/ecoleia.com\/","title":{"rendered":"Quen somos"},"content":{"rendered":"\n<p>Somos conscientes de que dependemos da natureza, e somos responsables polo seu estado de conservaci\u00c3\u00b3n. Ignorar esta verdade equivale a autodestruirnos, porque \u00f3 degradar o medio ambiente estamos empeorando a nosa calidade de vida.<br>Por iso po\u00c3\u00b1emos t\u00f3dalas ansias en coidar dela e dos nosos animais. Por iso creemos na importancia da alimentaci\u00f3n ec\u00f3xica e decidimos ser part\u00edcipes nela.<\/p>\n\n\n\n<p><strong>ECOLEIA<\/strong>&nbsp;\u00e9 unha marca que nace como resultado dun traballo que comezou al\u00e1 polos anos 80; naquel ent\u00f3n pux\u00e9ronse as primeiras pedras de&nbsp;<strong>S.A.T. Torneiros<\/strong>, unha empresa, un proxecto, unha ilusi\u00f3n que cos anos, co esforzo, coa experiencia, coa fe e coa natureza, coa sabia natureza que sempre nos apoia e nos da moito m\u00e1is do que recibe, pois logramos crear&nbsp;<strong>ECOLEIA<\/strong>&nbsp;.<\/p>\n","protected":false},"excerpt":{"rendered":"<p>Somos conscientes de que dependemos da natureza, e somos responsables polo seu estado de conservaci\u00c3\u00b3n. Ignorar esta verdade equivale a autodestruirnos, porque \u00f3 degradar o medio ambiente estamos empeorando a nosa calidade de vida.Por iso po\u00c3\u00b1emos t\u00f3dalas ansias en coidar dela e dos nosos animais. Por iso creemos na importancia da alimentaci\u00f3n ec\u00f3xica e decidimos&#8230;<\/p>\n","protected":false},"author":1,"featured_media":0,"parent":0,"menu_order":0,"comment_status":"closed","ping_status":"closed","template":"","meta":{"_kad_post_transparent":"","_kad_post_title":"","_kad_post_layout":"","_kad_post_sidebar_id":"","_kad_post_content_style":"","_kad_post_vertical_padding":"","_kad_post_feature":"","_kad_post_feature_position":"","_kad_post_header":false,"_kad_post_footer":false},"_links":{"self":[{"href":"https:\/\/ecoleia.com\/index.php?rest_route=\/wp\/v2\/pages\/18"}],"collection":[{"href":"https:\/\/ecoleia.com\/index.php?rest_route=\/wp\/v2\/pages"}],"about":[{"href":"https:\/\/ecoleia.com\/index.php?rest_route=\/wp\/v2\/types\/page"}],"author":[{"embeddable":true,"href":"https:\/\/ecoleia.com\/index.php?rest_route=\/wp\/v2\/users\/1"}],"replies":[{"embeddable":true,"href":"https:\/\/ecoleia.com\/index.php?rest_route=%2Fwp%2Fv2%2Fcomments&post=18"}],"version-history":[{"count":1,"href":"https:\/\/ecoleia.com\/index.php?rest_route=\/wp\/v2\/pages\/18\/revisions"}],"predecessor-version":[{"id":19,"href":"https:\/\/ecoleia.com\/index.php?rest_route=\/wp\/v2\/pages\/18\/revisions\/19"}],"wp:attachment":[{"href":"https:\/\/ecoleia.com\/index.php?rest_route=%2Fwp%2Fv2%2Fmedia&parent=18"}],"curies":[{"name":"wp","href":"https:\/\/api.w.org\/{rel}","templated":true}]}}