{"id":20,"date":"2023-01-30T18:07:11","date_gmt":"2023-01-30T18:07:11","guid":{"rendered":"http:\/\/ecoleia.com\/?page_id=20"},"modified":"2023-01-30T18:07:11","modified_gmt":"2023-01-30T18:07:11","slug":"aviso-legal","status":"publish","type":"page","link":"https:\/\/ecoleia.com\/?page_id=20","title":{"rendered":"Aviso legal"},"content":{"rendered":"\n<p>A los efectos de lo establecido en la Ley Org\u00e1nica 15\/1999, de 13 de diciembre, de Protecci\u00f3n de Datos de Car\u00e1cter Personal, y de la Ley 34\/2002, de 11 de Julio de Servicios de la Sociedad de la Informaci\u00f3n y de Correo Electr\u00f3nico (LSSI), S.A.T. TORNEIROS , garantiza la confidencialidad de los datos personales de sus clientes.<br>De acuerdo a lo establecido en la Ley Org\u00e1nica 15\/1999, de 13 de diciembre, de Protecci\u00f3n de Datos de Car\u00e1cter Personal (LOPD), le informamos que los datos personales que nos facilite a trav\u00e9s de nuestro Sitio Web o mediante env\u00edos de correos electr\u00f3nicos, ser\u00e1n incorporados a un fichero automatizado titularidad de Ecoleia, con domicilio social en Torneiros n\u00ba1 32660 Allariz, con la finalidad de gestionar, prestar, ampliar y mejorar los servicios ofrecidos en el Sitio Web, ejecutar los contratos que por medio de la misma se realicen, enviar formularios de encuesta, estudiar la utilizaci\u00f3n de los servicios por parte de los Clientes, el env\u00ed\u00ado de actualizaciones de los servicios, asi\u00ad como para enviarle informaci\u00f3n publicitaria y\/o promocional de los productos y servicios ofrecidos por Ecoleia o por terceros relacionados con la compraventa de bienes de consumo que pueda resultar de su inter\u00e9s, consintiendo el Cliente expresamente en el env\u00edo de dicha informaci\u00f3n por cualquier medio, incluidos los electr\u00f3nicos, entre otros el correo electr\u00f3nico.<\/p>\n\n\n\n<p>El Cliente podr\u00e1 ejercitar sus derechos de acceso, rectificaci\u00f3n, cancelaci\u00c3\u00b3n y oposici\u00c3\u00b3n por medio del env\u00edo de una comunicaci\u00f3n a la siguiente direcci\u00f3n de correo electr\u00f3nico: info@ecotierra.es o bien por correo ordinario dirigido a Ecoleia, en la direcci\u00f3n recogida m\u00e1s arriba.<br>El Cliente se compromete a que la informaci\u00f3n proporcionada es cierta y que est\u00e1 actualizada para que Ecoleia pueda prestar sus servicios de una manera correcta. En caso contrario Ecoleia se reserva el derecho de dar de darle de baja como cliente y emprender acciones conforme a la Ley vigente.<br>2. EDAD M\u00c3\u008dNIMA Deben ser mayores de edad todos los Clientes que realicen compras en el sitio web. Si el Cliente es menor de edad, se solicitar\u00e1 el consentimiento previo de sus padres o tutores antes de tramitar la venta o proceder a incluir sus datos personales dentro de la base de datos propiedad de Ecoleia.<\/p>\n\n\n\n<p>3. COOKIES Este sitio Web utiliza cookies. Los cookies son peque\u00c3\u00b1os ficheros de datos que se generan en el ordenador del Cliente y que nos permiten conocer la siguiente informaci\u00f3n: Fecha y la hora de la \u00faltima vez que el Cliente visit&amp;oacute; nuestro sitio Web. El dise\u00c3\u00b1o de contenidos que el Cliente escogi\u00f3 en su primera visita a nuestro Web haciendo las navegaciones futuras m\u00e1s c\u00f3modas.<\/p>\n\n\n\n<p><\/p>\n\n\n\n<p><\/p>\n","protected":false},"excerpt":{"rendered":"<p>A los efectos de lo establecido en la Ley Org\u00e1nica 15\/1999, de 13 de diciembre, de Protecci\u00f3n de Datos de Car\u00e1cter Personal, y de la Ley 34\/2002, de 11 de Julio de Servicios de la Sociedad de la Informaci\u00f3n y de Correo Electr\u00f3nico (LSSI), S.A.T. TORNEIROS , garantiza la confidencialidad de los datos personales de&#8230;<\/p>\n","protected":false},"author":1,"featured_media":0,"parent":0,"menu_order":0,"comment_status":"closed","ping_status":"closed","template":"","meta":{"_kad_post_transparent":"","_kad_post_title":"","_kad_post_layout":"","_kad_post_sidebar_id":"","_kad_post_content_style":"","_kad_post_vertical_padding":"","_kad_post_feature":"","_kad_post_feature_position":"","_kad_post_header":false,"_kad_post_footer":false},"_links":{"self":[{"href":"https:\/\/ecoleia.com\/index.php?rest_route=\/wp\/v2\/pages\/20"}],"collection":[{"href":"https:\/\/ecoleia.com\/index.php?rest_route=\/wp\/v2\/pages"}],"about":[{"href":"https:\/\/ecoleia.com\/index.php?rest_route=\/wp\/v2\/types\/page"}],"author":[{"embeddable":true,"href":"https:\/\/ecoleia.com\/index.php?rest_route=\/wp\/v2\/users\/1"}],"replies":[{"embeddable":true,"href":"https:\/\/ecoleia.com\/index.php?rest_route=%2Fwp%2Fv2%2Fcomments&post=20"}],"version-history":[{"count":1,"href":"https:\/\/ecoleia.com\/index.php?rest_route=\/wp\/v2\/pages\/20\/revisions"}],"predecessor-version":[{"id":21,"href":"https:\/\/ecoleia.com\/index.php?rest_route=\/wp\/v2\/pages\/20\/revisions\/21"}],"wp:attachment":[{"href":"https:\/\/ecoleia.com\/index.php?rest_route=%2Fwp%2Fv2%2Fmedia&parent=20"}],"curies":[{"name":"wp","href":"https:\/\/api.w.org\/{rel}","templated":true}]}}