{"id":8,"date":"2023-01-30T17:56:02","date_gmt":"2023-01-30T17:56:02","guid":{"rendered":"http:\/\/ecoleia.com\/?page_id=8"},"modified":"2023-01-30T17:56:02","modified_gmt":"2023-01-30T17:56:02","slug":"as-nosas-vacas","status":"publish","type":"page","link":"https:\/\/ecoleia.com\/?page_id=8","title":{"rendered":"As nosas vacas"},"content":{"rendered":"\n<p>As vacas que producen ECOLEIA est\u00e1n a darnos o mellor que pos\u00faen, ofr\u00e9cennos a s\u00faa vida, e \u00e9 por iso que nos queremos, consideramos, creemos e sobre todo tratamos de que sexan felices, que \u00f3: fin e o cabo iso \u00e9 o que todos buscamos.<\/p>\n\n\n\n<p>Todo o que comen \u00e9 natural, non hai ning\u00fan elemento qu\u00edmico en ningunha fase do proceso, o que fai que o resultado final, \u00e9 dicir, o leite ECOLEIA sexa san, natural e &#8230;. \u00c2\u00bfcomo dicir?&#8230;, pois como o que tomabamos de nenos na casa dos av\u00f3s (os que tivemos esa sorte &#8230;)<\/p>\n\n\n\n<p>C\u00f3mo \u00e9 un d\u00eda das nosas vacas.<a href=\"https:\/\/web.archive.org\/web\/20171214183542\/http:\/\/www.ecoleia.com\/dia.html\">&nbsp;Ver<\/a><\/p>\n","protected":false},"excerpt":{"rendered":"<p>As vacas que producen ECOLEIA est\u00e1n a darnos o mellor que pos\u00faen, ofr\u00e9cennos a s\u00faa vida, e \u00e9 por iso que nos queremos, consideramos, creemos e sobre todo tratamos de que sexan felices, que \u00f3: fin e o cabo iso \u00e9 o que todos buscamos. Todo o que comen \u00e9 natural, non hai ning\u00fan elemento&#8230;<\/p>\n","protected":false},"author":1,"featured_media":0,"parent":0,"menu_order":0,"comment_status":"closed","ping_status":"closed","template":"","meta":{"_kad_post_transparent":"","_kad_post_title":"","_kad_post_layout":"","_kad_post_sidebar_id":"","_kad_post_content_style":"","_kad_post_vertical_padding":"","_kad_post_feature":"","_kad_post_feature_position":"","_kad_post_header":false,"_kad_post_footer":false},"_links":{"self":[{"href":"https:\/\/ecoleia.com\/index.php?rest_route=\/wp\/v2\/pages\/8"}],"collection":[{"href":"https:\/\/ecoleia.com\/index.php?rest_route=\/wp\/v2\/pages"}],"about":[{"href":"https:\/\/ecoleia.com\/index.php?rest_route=\/wp\/v2\/types\/page"}],"author":[{"embeddable":true,"href":"https:\/\/ecoleia.com\/index.php?rest_route=\/wp\/v2\/users\/1"}],"replies":[{"embeddable":true,"href":"https:\/\/ecoleia.com\/index.php?rest_route=%2Fwp%2Fv2%2Fcomments&post=8"}],"version-history":[{"count":1,"href":"https:\/\/ecoleia.com\/index.php?rest_route=\/wp\/v2\/pages\/8\/revisions"}],"predecessor-version":[{"id":9,"href":"https:\/\/ecoleia.com\/index.php?rest_route=\/wp\/v2\/pages\/8\/revisions\/9"}],"wp:attachment":[{"href":"https:\/\/ecoleia.com\/index.php?rest_route=%2Fwp%2Fv2%2Fmedia&parent=8"}],"curies":[{"name":"wp","href":"https:\/\/api.w.org\/{rel}","templated":true}]}}